{"id":21875,"date":"2025-02-17T15:06:03","date_gmt":"2025-02-17T15:06:03","guid":{"rendered":"https:\/\/cpcharter.com\/termini-e-condizioni-di-vendita\/"},"modified":"2025-02-17T15:23:35","modified_gmt":"2025-02-17T15:23:35","slug":"termini-e-condizioni-di-vendita","status":"publish","type":"page","link":"https:\/\/cpcharter.com\/it\/termini-e-condizioni-di-vendita\/","title":{"rendered":"Termini e condizioni"},"content":{"rendered":"\t\t<div data-elementor-type=\"wp-page\" data-elementor-id=\"21875\" class=\"elementor elementor-21875 elementor-21873\">\n\t\t\t\t\t\t<section class=\"elementor-section elementor-top-section elementor-element elementor-element-f66033e elementor-section-boxed elementor-section-height-default elementor-section-height-default sc_fly_static\" data-id=\"f66033e\" data-element_type=\"section\">\n\t\t\t\t\t\t<div class=\"elementor-container elementor-column-gap-extended\">\n\t\t\t\t\t<div class=\"elementor-column elementor-col-100 elementor-top-column elementor-element elementor-element-6d55452 sc_content_align_inherit sc_layouts_column_icons_position_left sc_fly_static\" data-id=\"6d55452\" data-element_type=\"column\">\n\t\t\t<div class=\"elementor-widget-wrap elementor-element-populated\">\n\t\t\t\t\t\t<div data-parallax-params=\"{&quot;parallax&quot;:1,&quot;flow&quot;:&quot;default&quot;,&quot;crop&quot;:&quot;none&quot;,&quot;ease&quot;:&quot;power1&quot;,&quot;duration&quot;:0.5,&quot;delay&quot;:0,&quot;squeeze&quot;:1,&quot;text&quot;:&quot;block&quot;,&quot;text_separate&quot;:0,&quot;text_wrap&quot;:0,&quot;mouse&quot;:0,&quot;mouse_type&quot;:&quot;transform3d&quot;,&quot;mouse_tilt_amount&quot;:70,&quot;mouse_speed&quot;:10,&quot;mouse_z&quot;:&quot;&quot;,&quot;mouse_handler&quot;:&quot;row&quot;,&quot;range_start&quot;:0,&quot;range_end&quot;:40,&quot;sticky_offset&quot;:0,&quot;lag&quot;:0,&quot;x_start&quot;:0,&quot;x_start_unit&quot;:&quot;px&quot;,&quot;x_end&quot;:0,&quot;x_end_unit&quot;:&quot;px&quot;,&quot;y_start&quot;:0,&quot;y_start_unit&quot;:&quot;px&quot;,&quot;y_end&quot;:0,&quot;y_end_unit&quot;:&quot;px&quot;,&quot;scale_start&quot;:100,&quot;scale_end&quot;:100,&quot;rotate_start&quot;:0,&quot;rotate_end&quot;:0,&quot;opacity_start&quot;:1,&quot;opacity_end&quot;:1,&quot;crop_start&quot;:0,&quot;crop_end&quot;:100}\" class=\"elementor-element elementor-element-63278aa sc_parallax sc_fly_static sc_parallax_default elementor-widget elementor-widget-trx_sc_title\" data-id=\"63278aa\" data-element_type=\"widget\" data-widget_type=\"trx_sc_title.default\">\n\t\t\t\t<div class=\"elementor-widget-container\">\n\t\t\t\t\t<div\t\tclass=\"sc_title sc_title_default\" ><h1 class=\"sc_item_title sc_title_title sc_item_title_style_default sc_item_title_tag\"\n\t\t\t><span class=\"sc_item_title_text\">Termini e condizioni<\/span><\/h1><\/div>\t\t\t\t<\/div>\n\t\t\t\t<\/div>\n\t\t\t\t\t<\/div>\n\t\t<\/div>\n\t\t\t\t\t<\/div>\n\t\t<\/section>\n\t\t\t\t<section class=\"elementor-section elementor-top-section elementor-element elementor-element-571386f elementor-section-boxed elementor-section-height-default elementor-section-height-default sc_fly_static\" data-id=\"571386f\" data-element_type=\"section\">\n\t\t\t\t\t\t<div class=\"elementor-container elementor-column-gap-extended\">\n\t\t\t\t\t<div class=\"elementor-column elementor-col-100 elementor-top-column elementor-element elementor-element-c65099a sc_content_align_inherit sc_layouts_column_icons_position_left sc_fly_static\" data-id=\"c65099a\" data-element_type=\"column\">\n\t\t\t<div class=\"elementor-widget-wrap elementor-element-populated\">\n\t\t\t\t\t\t<div class=\"elementor-element elementor-element-7fd1246 sc_fly_static elementor-widget elementor-widget-spacer\" data-id=\"7fd1246\" data-element_type=\"widget\" data-widget_type=\"spacer.default\">\n\t\t\t\t<div class=\"elementor-widget-container\">\n\t\t\t\t\t\t\t<div class=\"elementor-spacer\">\n\t\t\t<div class=\"elementor-spacer-inner\"><\/div>\n\t\t<\/div>\n\t\t\t\t\t\t<\/div>\n\t\t\t\t<\/div>\n\t\t\t\t\t<\/div>\n\t\t<\/div>\n\t\t\t\t\t<\/div>\n\t\t<\/section>\n\t\t\t\t<section class=\"elementor-section elementor-top-section elementor-element elementor-element-c5749ec elementor-section-boxed elementor-section-height-default elementor-section-height-default sc_fly_static\" data-id=\"c5749ec\" data-element_type=\"section\">\n\t\t\t\t\t\t<div class=\"elementor-container elementor-column-gap-extended\">\n\t\t\t\t\t<div class=\"elementor-column elementor-col-100 elementor-top-column elementor-element elementor-element-87a6b74 sc_content_align_inherit sc_layouts_column_icons_position_left sc_fly_static\" data-id=\"87a6b74\" data-element_type=\"column\">\n\t\t\t<div class=\"elementor-widget-wrap elementor-element-populated\">\n\t\t\t\t\t\t<div data-parallax-params=\"{&quot;parallax&quot;:1,&quot;flow&quot;:&quot;default&quot;,&quot;crop&quot;:&quot;none&quot;,&quot;ease&quot;:&quot;power1&quot;,&quot;duration&quot;:0.5,&quot;delay&quot;:0,&quot;squeeze&quot;:1,&quot;text&quot;:&quot;block&quot;,&quot;text_separate&quot;:0,&quot;text_wrap&quot;:0,&quot;mouse&quot;:0,&quot;mouse_type&quot;:&quot;transform3d&quot;,&quot;mouse_tilt_amount&quot;:70,&quot;mouse_speed&quot;:10,&quot;mouse_z&quot;:&quot;&quot;,&quot;mouse_handler&quot;:&quot;row&quot;,&quot;range_start&quot;:0,&quot;range_end&quot;:40,&quot;sticky_offset&quot;:0,&quot;lag&quot;:0,&quot;x_start&quot;:0,&quot;x_start_unit&quot;:&quot;px&quot;,&quot;x_end&quot;:0,&quot;x_end_unit&quot;:&quot;px&quot;,&quot;y_start&quot;:0,&quot;y_start_unit&quot;:&quot;px&quot;,&quot;y_end&quot;:0,&quot;y_end_unit&quot;:&quot;px&quot;,&quot;scale_start&quot;:100,&quot;scale_end&quot;:100,&quot;rotate_start&quot;:0,&quot;rotate_end&quot;:0,&quot;opacity_start&quot;:1,&quot;opacity_end&quot;:1,&quot;crop_start&quot;:0,&quot;crop_end&quot;:100}\" class=\"elementor-element elementor-element-4eec843 sc_parallax sc_fly_static sc_parallax_default elementor-widget elementor-widget-text-editor\" data-id=\"4eec843\" data-element_type=\"widget\" data-widget_type=\"text-editor.default\">\n\t\t\t\t<div class=\"elementor-widget-container\">\n\t\t\t\t\t\t\t\t\t<p class=\"p1\">I presenti termini e condizioni di vendita si applicano a tutte le vendite di prodotti commercializzati da Capri &amp; Positano Life Charter attraverso il sito web cpcharter.com.<\/p><p class=\"p1\">Pertanto, tutti i contratti d&#8217;acquisto conclusi tramite cpcharter.com saranno regolati dalle presenti Condizioni Generali.<\/p><p class=\"p1\"><b>1. Modifiche ai Termini e Condizioni<\/b><\/p><p class=\"p1\">Il presente contratto pu\u00f2 essere modificato in qualsiasi momento e le modifiche avranno effetto immediatamente dopo la pubblicazione sul sito web cpcharter.com. Pertanto, il Cliente \u00e8 tenuto a controllare il presente contratto ogni volta che accede al sito e a conformarsi alle eventuali modifiche successive. <\/p><p class=\"p1\"><b>2. Accettazione delle Condizioni di Vendita<\/b><\/p><p class=\"p1\">Il contratto tra il Cliente e Capri &amp; Positano Life Charter, marchio di Nautica 21 Nodi srl (proprietaria del sito cpcharter.com), si conclude con l&#8217;accettazione, anche parziale e a sua esclusiva discrezione, dell&#8217;ordine. L&#8217;accettazione si considera implicita se non altrimenti comunicata al Cliente con qualsiasi mezzo. In caso di mancata accettazione dell&#8217;ordine, cpcharter.com si impegna ad informare tempestivamente il Cliente.  <\/p><p class=\"p1\">Effettuando un ordine, il Cliente dichiara di aver preso visione di tutte le informazioni fornite durante il processo di acquisto e di accettare integralmente le condizioni generali e di pagamento di seguito riportate.<\/p><p class=\"p1\">Il Cliente non ha diritto ad alcun risarcimento danni, n\u00e9 ad alcuna responsabilit\u00e0 contrattuale o extracontrattuale per danni diretti o indiretti a persone e\/o cose derivanti dalla mancata accettazione, anche parziale, di un ordine.<\/p><p class=\"p1\"><b>3. Metodi di acquisto<\/b><\/p><p class=\"p1\">Il Cliente, che deve essere maggiorenne, pu\u00f2 acquistare i prodotti disponibili nel catalogo elettronico di cpcharter.com.<\/p><p class=\"p1\">Una volta effettuato l&#8217;ordine, verr\u00e0 inviata un&#8217;e-mail di conferma all&#8217;indirizzo e-mail fornito dal Cliente. L&#8217;e-mail di conferma includer\u00e0 un \"Numero d&#8217;Ordine\" da utilizzare per qualsiasi ulteriore comunicazione con cpcharter.com. <\/p><p class=\"p1\">L&#8217;e-mail conterr\u00e0 tutti i dati inseriti dal Cliente, che dovr\u00e0 verificarne l&#8217;esattezza e segnalare tempestivamente eventuali correzioni secondo le modalit\u00e0 descritte in questo documento.<\/p><p class=\"p1\">Tutti i prezzi indicati sul sito web sono comprensivi di IVA se non diversamente specificato. cpcharter.com si riserva il diritto di modificare i prezzi in qualsiasi momento senza preavviso. <\/p><p class=\"p1\"><b>4. Metodi di pagamento<\/b><\/p><p class=\"p1\"><b>a) PAGAMENTO ANTICIPATO CON BONIFICO BANCARIO<\/b><\/p><p class=\"p1\">In caso di pagamento anticipato tramite bonifico bancario, l&#8217;ordine verr\u00e0 spedito solo dopo l&#8217;accredito dell&#8217;importo sul conto di Capri &amp; Positano Life Charter (titolare del sito cpcharter.com) entro 5 giorni lavorativi dalla data di acquisto. Trascorso questo periodo, l&#8217;ordine verr\u00e0 automaticamente annullato. <\/p><p class=\"p1\">La descrizione del bonifico deve includere il numero d&#8217;ordine indicato nell&#8217;e-mail di conferma. Le coordinate bancarie saranno inviate via e-mail all&#8217;accettazione dell&#8217;ordine. <\/p><p class=\"p1\"><b>b) PAYPAL<\/b><\/p><p class=\"p1\">Una volta confermato l&#8217;ordine, il Cliente verr\u00e0 reindirizzato al sito web di PayPal, dove potr\u00e0 completare il pagamento utilizzando il proprio conto PayPal, una carta di credito o prepagata, o qualsiasi altro metodo accettato da PayPal, in conformit\u00e0 con i termini e le condizioni di quest&#8217;ultimo.<\/p><p class=\"p1\">Se l&#8217;ordine viene annullato dal Cliente o da Capri &amp; Positano Life Charter, l&#8217;importo pagato per i prodotti annullati sar\u00e0 rimborsato sul conto PayPal del Cliente.<\/p><p class=\"p1\"><b>c) STRISCIA<\/b><\/p><p class=\"p1\">Una volta confermato l&#8217;ordine, il Cliente sar\u00e0 reindirizzato al sito web di Stripe, dove potr\u00e0 completare il pagamento utilizzando una carta di credito o prepagata, Google Pay, Apple Pay o qualsiasi altro metodo accettato da Stripe, in conformit\u00e0 con i suoi termini e condizioni.<\/p><p class=\"p1\">Se l&#8217;ordine viene annullato dal Cliente o da Capri &amp; Positano Life Charter, l&#8217;importo pagato per i prodotti annullati sar\u00e0 rimborsato sul conto Stripe del Cliente.<\/p><p class=\"p1\">Per ogni ordine effettuato su luxuryboatspositano.com verr\u00e0 emessa fattura ai sensi dell&#8217;articolo 14 del D.P.R. 445\/2000 e del Decreto Legislativo 52\/2004. La fattura sar\u00e0 inviata all&#8217;acquirente insieme ai prodotti. I dati forniti dal Cliente saranno utilizzati per l&#8217;emissione della fattura. Capri &amp; Positano Life Charter ricorda al Cliente di verificare attentamente la correttezza delle informazioni fornite. Una volta emessa la fattura, non \u00e8 possibile apportare modifiche.    <\/p><p class=\"p1\"><b>9. Limitazione di responsabilit\u00e0<\/b><\/p><p class=\"p1\">Capri &amp; Positano Life Charter (proprietaria del sito web cpcharter.com) non \u00e8 responsabile per eventuali errori, omissioni, imprecisioni tecniche o errori tipografici presenti sul sito web o per eventuali interruzioni dei servizi web.<\/p><p class=\"p1\"><b>10. Link a siti web di terze parti<\/b><\/p><p class=\"p1\">I link presenti sul sito consentono di accedere ad altri siti web che non sono sotto il controllo di Capri &amp; Positano Life Charter. Capri &amp; Positano Life Charter non \u00e8 responsabile del contenuto di tali siti collegati. <\/p><p class=\"p1\"><b>11. Legge applicabile e giurisdizione<\/b><\/p><p class=\"p1\">Ogni controversia relativa all&#8217;applicazione, esecuzione, interpretazione e violazione del contratto stipulato online tra il Cliente e Capri &amp; Positano Life Charter, parte del gruppo Nautica 21 Nodi srl (titolare del sito cpcharter.com), \u00e8 sottoposta alla giurisdizione italiana. Il foro competente \u00e8 quello della residenza o del domicilio del Cliente se ubicato in Italia, ovvero del luogo di esecuzione del contratto in caso di residenza o domicilio all&#8217;estero. <\/p><p class=\"p1\"><b>12. Invalidit\u00e0 parziale delle condizioni<\/b><\/p><p class=\"p1\">Se per qualsiasi motivo una parte dei presenti termini e condizioni dovesse risultare inapplicabile, la validit\u00e0 delle restanti disposizioni non sar\u00e0 pregiudicata.<\/p>\t\t\t\t\t\t\t\t<\/div>\n\t\t\t\t<\/div>\n\t\t\t\t\t<\/div>\n\t\t<\/div>\n\t\t\t\t\t<\/div>\n\t\t<\/section>\n\t\t\t\t<\/div>\n\t\t","protected":false},"excerpt":{"rendered":"<p>Termini e condizioni I presenti termini e condizioni di vendita si applicano a tutte le vendite di prodotti commercializzati da Capri &amp; Positano Life Charter attraverso il sito web cpcharter.com.&hellip;<\/p>\n","protected":false},"author":1,"featured_media":0,"parent":0,"menu_order":0,"comment_status":"closed","ping_status":"closed","template":"","meta":{"footnotes":""},"class_list":["post-21875","page","type-page","status-publish","hentry"],"_links":{"self":[{"href":"https:\/\/cpcharter.com\/it\/wp-json\/wp\/v2\/pages\/21875","targetHints":{"allow":["GET"]}}],"collection":[{"href":"https:\/\/cpcharter.com\/it\/wp-json\/wp\/v2\/pages"}],"about":[{"href":"https:\/\/cpcharter.com\/it\/wp-json\/wp\/v2\/types\/page"}],"author":[{"embeddable":true,"href":"https:\/\/cpcharter.com\/it\/wp-json\/wp\/v2\/users\/1"}],"replies":[{"embeddable":true,"href":"https:\/\/cpcharter.com\/it\/wp-json\/wp\/v2\/comments?post=21875"}],"version-history":[{"count":4,"href":"https:\/\/cpcharter.com\/it\/wp-json\/wp\/v2\/pages\/21875\/revisions"}],"predecessor-version":[{"id":21896,"href":"https:\/\/cpcharter.com\/it\/wp-json\/wp\/v2\/pages\/21875\/revisions\/21896"}],"wp:attachment":[{"href":"https:\/\/cpcharter.com\/it\/wp-json\/wp\/v2\/media?parent=21875"}],"curies":[{"name":"wp","href":"https:\/\/api.w.org\/{rel}","templated":true}]}}